{"id":23853,"date":"2024-01-31T21:04:16","date_gmt":"2024-01-31T21:04:16","guid":{"rendered":"https:\/\/dssh.mena-ops.com\/?page_id=23853"},"modified":"2024-03-06T22:41:34","modified_gmt":"2024-03-06T22:41:34","slug":"privacy-policy","status":"publish","type":"page","link":"https:\/\/dssh.jo\/de\/privacy-policy\/","title":{"rendered":"Datenschutzrichtlinie des Hotels"},"content":{"rendered":"<div data-elementor-type=\"wp-page\" data-elementor-id=\"23853\" class=\"elementor elementor-23853\">\n\t\t\t\t<div class=\"elementor-element elementor-element-c50c5c0 e-flex e-con-boxed e-con e-parent\" data-id=\"c50c5c0\" data-element_type=\"container\" data-e-type=\"container\">\n\t\t\t\t\t<div class=\"e-con-inner\">\n\t\t\t\t<div class=\"elementor-element elementor-element-2222755 elementor-widget elementor-widget-text-editor\" data-id=\"2222755\" data-element_type=\"widget\" data-e-type=\"widget\" data-widget_type=\"text-editor.default\">\n\t\t\t\t<div class=\"elementor-widget-container\">\n\t\t\t\t\t\t\t\t\t<p class=\"privacy-policy-h1\"><b><span style=\"font-size: 16px;\">Zuletzt aktualisiert am 31. Januar 2024<\/span><br><\/b><span style=\"font-size: 16px;\"><b>G\u00fcltig ab 01.02.2024<\/b><\/span><\/p>\n<p class=\"privacy-policy-p\"><span style=\"font-size: 16px;\">Diese Datenschutzrichtlinie beschreibt die Richtlinien der Dead Sea Hotels Company, Dead Sea Rd., Amman 11181, Jordanien, E-Mail: info@dssh.jo, Telefon: +962 5 3561000, zur Erhebung, Verwendung und Offenlegung Ihrer Daten, die wir bei der Nutzung unserer Website (https:\/\/dssh.jo) (der \u201eDienst\u201c) erheben. Indem Sie auf den Dienst zugreifen oder ihn nutzen, stimmen Sie der Erhebung, Verwendung und Offenlegung Ihrer Daten gem\u00e4\u00df dieser Datenschutzrichtlinie zu. Wenn Sie dem nicht zustimmen, greifen Sie bitte nicht auf den Dienst zu und nutzen Sie ihn nicht.<\/span><\/p>\n<p class=\"privacy-policy-p\"><span style=\"font-size: 16px;\">Wir k\u00f6nnen diese Datenschutzrichtlinie jederzeit und ohne vorherige Ank\u00fcndigung \u00e4ndern und werden die \u00fcberarbeitete Datenschutzrichtlinie im Dienst ver\u00f6ffentlichen. Die \u00fcberarbeitete Richtlinie tritt 180 Tage nach Ver\u00f6ffentlichung im Dienst in Kraft. Ihr fortgesetzter Zugriff auf den Dienst oder Ihre fortgesetzte Nutzung nach diesem Zeitpunkt gilt als Zustimmung zur \u00fcberarbeiteten Datenschutzrichtlinie. Wir empfehlen Ihnen daher, diese Seite regelm\u00e4\u00dfig zu \u00fcberpr\u00fcfen.<\/span><\/p>\n<ol class=\"privacy-policy-ol\">\n<li>\n<p class=\"privacy-policy-h2\"><span style=\"font-size: 16px;\"><b>VON UNS ERFASSTE INFORMATIONEN:<\/b><\/span><\/p>\n<p class=\"privacy-policy-p\"><span style=\"font-size: 16px;\">Wir erheben und verarbeiten die folgenden personenbezogenen Daten \u00fcber Sie:<\/span><\/p>\n<ol class=\"privacy-policy-ol\">\n<li>\n<p><span style=\"font-size: 16px;\">Name<\/span><\/p>\n<\/li>\n<li>\n<p><span style=\"font-size: 16px;\">E-Mail<\/span><\/p>\n<\/li>\n<li>\n<p><span style=\"font-size: 16px;\">Mobile<\/span><\/p>\n<\/li>\n<li>\n<p><span style=\"font-size: 16px;\">Social Media Profil<\/span><\/p>\n<\/li>\n<li>\n<p><span style=\"font-size: 16px;\">Adresse<\/span><\/p>\n<\/li>\n<\/ol>\n<\/li>\n<li>\n<p class=\"privacy-policy-h2\"><span style=\"font-size: 16px;\"><b>WIE WIR IHRE INFORMATIONEN VERWENDEN:<\/b><\/span><\/p>\n<p class=\"privacy-policy-p\"><span style=\"font-size: 16px;\">Wir verwenden die \u00fcber Sie gesammelten Informationen f\u00fcr die folgenden Zwecke:<\/span><\/p>\n<ol class=\"privacy-policy-ol\">\n<li>\n<p><span style=\"font-size: 16px;\">Marketing\/Werbung<\/span><\/p>\n<\/li>\n<li>\n<p><span style=\"font-size: 16px;\">Verwaltungsinformationen<\/span><\/p>\n<\/li>\n<li>\n<p><span style=\"font-size: 16px;\">Gezielte Werbung<\/span><\/p>\n<\/li>\n<\/ol>\n<p class=\"privacy-policy-p\"><span style=\"font-size: 16px;\">Wenn wir Ihre Daten f\u00fcr andere Zwecke verwenden m\u00f6chten, werden wir Sie um Ihre Zustimmung bitten und Ihre Daten nur nach Erhalt Ihrer Zustimmung und dann nur f\u00fcr die Zwecke verwenden, f\u00fcr die Sie Ihre Zustimmung erteilt haben, es sei denn, wir sind gesetzlich zu etwas anderem verpflichtet.<\/span><\/p>\n<\/li>\n<li>\n<p class=\"privacy-policy-h2\"><span style=\"font-size: 16px;\"><b>WIE WIR IHRE INFORMATIONEN WEITERGEBEN:<\/b><\/span><\/p>\n<p class=\"privacy-policy-p\"><span style=\"font-size: 16px;\">Wir geben Ihre personenbezogenen Daten nicht ohne Ihre Zustimmung an Dritte weiter, au\u00dfer in den nachstehend beschriebenen begrenzten F\u00e4llen:<\/span><\/p>\n<ol class=\"privacy-policy-ol\">\n<li>\n<p><span style=\"font-size: 16px;\">Anzeigenservice<\/span><\/p>\n<\/li>\n<li>\n<p><span style=\"font-size: 16px;\">Sponsoren<\/span><\/p>\n<\/li>\n<li>\n<p><span style=\"font-size: 16px;\">Marketingagenturen<\/span><\/p>\n<\/li>\n<li>\n<p><span style=\"font-size: 16px;\">Juristische Personen<\/span><\/p>\n<\/li>\n<li>\n<p><span style=\"font-size: 16px;\">Analyse<\/span><\/p>\n<\/li>\n<li>\n<p><span style=\"font-size: 16px;\">Zahlungsr\u00fcckgewinnungsdienste<\/span><\/p>\n<\/li>\n<li>\n<p><span style=\"font-size: 16px;\">Datenerhebung und -verarbeitung<\/span><\/p>\n<\/li>\n<\/ol>\n<p class=\"privacy-policy-p\"><span style=\"font-size: 16px;\">Wir verlangen von diesen Dritten, dass sie die von uns an sie \u00fcbermittelten personenbezogenen Daten nur f\u00fcr den Zweck verwenden, f\u00fcr den sie \u00fcbermittelt wurden, und sie nicht l\u00e4nger aufbewahren, als es zur Erf\u00fcllung des besagten Zwecks erforderlich ist.<\/span><\/p>\n<p class=\"privacy-policy-p\"><span style=\"font-size: 16px;\">Wir k\u00f6nnen Ihre personenbezogenen Daten auch zu folgenden Zwecken offenlegen: (1) zur Einhaltung geltender Gesetze, Vorschriften, Gerichtsbeschl\u00fcsse oder anderer Rechtsverfahren; (2) zur Durchsetzung Ihrer Vereinbarungen mit uns, einschlie\u00dflich dieser Datenschutzrichtlinie; oder (3) als Reaktion auf Behauptungen, dass Ihre Nutzung des Dienstes gegen Rechte Dritter verst\u00f6\u00dft. Sollte der Dienst oder unser Unternehmen von einem anderen Unternehmen fusionieren oder \u00fcbernommen werden, geh\u00f6ren Ihre Daten zu den Verm\u00f6genswerten, die an den neuen Eigent\u00fcmer \u00fcbertragen werden.<\/span><\/p>\n<\/li>\n<li>\n<p class=\"privacy-policy-h2\"><span style=\"font-size: 16px;\"><b>AUFBEWAHRUNG IHRER INFORMATIONEN:<\/b><\/span><\/p>\n<p class=\"privacy-policy-p\"><span style=\"font-size: 16px;\">Wir speichern Ihre personenbezogenen Daten f\u00fcr 90 Tage bis 2 Jahre, nachdem Benutzerkonten inaktiv geworden sind, oder so lange, wie wir sie zur Erf\u00fcllung der in dieser Datenschutzrichtlinie beschriebenen Zwecke ben\u00f6tigen. Wir m\u00fcssen bestimmte Informationen m\u00f6glicherweise l\u00e4nger aufbewahren, beispielsweise zur Aufzeichnung\/Berichterstattung gem\u00e4\u00df geltendem Recht oder aus anderen legitimen Gr\u00fcnden wie der Durchsetzung gesetzlicher Rechte, der Betrugspr\u00e4vention usw. Verbleibende anonyme Informationen und aggregierte Informationen, die Sie weder direkt noch indirekt identifizieren, k\u00f6nnen unbegrenzt gespeichert werden.<\/span><\/p>\n<\/li>\n<li>\n<p class=\"privacy-policy-h2\"><span style=\"font-size: 16px;\"><b>IHRE RECHTE:<\/b><\/span><\/p>\n<p class=\"privacy-policy-p\"><span style=\"font-size: 16px;\">Je nach geltendem Recht haben Sie m\u00f6glicherweise das Recht auf Zugriff und Berichtigung oder L\u00f6schung Ihrer personenbezogenen Daten oder auf Erhalt einer Kopie Ihrer personenbezogenen Daten. Sie haben au\u00dferdem das Recht, die aktive Verarbeitung Ihrer Daten einzuschr\u00e4nken oder zu widerrufen. Sie haben au\u00dferdem das Recht, uns aufzufordern, Ihre personenbezogenen Daten an eine andere Stelle weiterzugeben (zu \u00fcbertragen), Ihre Einwilligung zur Verarbeitung Ihrer Daten zu widerrufen, Beschwerde bei einer Aufsichtsbeh\u00f6rde einzulegen und weitere Rechte, die nach geltendem Recht relevant sein k\u00f6nnen. Um diese Rechte auszu\u00fcben, schreiben Sie uns bitte an info@dssh.jo. Wir werden Ihre Anfrage gem\u00e4\u00df geltendem Recht beantworten.<\/span><\/p>\n<p class=\"privacy-policy-p\"><span style=\"font-size: 16px;\">Sie k\u00f6nnen sich von Direktmarketing-Kommunikation oder der Profilerstellung, die wir zu Marketingzwecken durchf\u00fchren, abmelden, indem Sie uns eine E-Mail an info@dssh.jo senden.<\/span><\/p>\n<p class=\"privacy-policy-p\"><span style=\"font-size: 16px;\">Bitte beachten Sie: Wenn Sie uns nicht gestatten, die erforderlichen personenbezogenen Daten zu erheben oder zu verarbeiten, oder wenn Sie die Zustimmung zur Verarbeitung derselben f\u00fcr die erforderlichen Zwecke widerrufen, k\u00f6nnen Sie m\u00f6glicherweise nicht auf die Dienste zugreifen oder diese nutzen, f\u00fcr die Ihre Daten angefordert wurden.<\/span><\/p>\n<\/li>\n<li>\n<p class=\"privacy-policy-h2\"><span style=\"font-size: 16px;\"><b>COOKIES USW.<\/b><\/span><\/p>\n<p class=\"privacy-policy-p\"><span style=\"font-size: 16px;\">Weitere Informationen dazu, wie wir diese verwenden und welche Wahlm\u00f6glichkeiten Sie in Bezug auf diese Tracking-Technologien haben, finden Sie in unserer&nbsp;<a href=\"https:\/\/dssh.jo\/de\/\">Cookie-Richtlinie.<\/a><\/span><\/p>\n<\/li>\n<li>\n<p class=\"privacy-policy-h2\"><span style=\"font-size: 16px;\"><b>SICHERHEIT:<\/b><\/span><\/p>\n<p class=\"privacy-policy-p\"><span style=\"font-size: 16px;\">Die Sicherheit Ihrer Daten ist uns wichtig. Wir ergreifen angemessene Sicherheitsma\u00dfnahmen, um den Verlust, Missbrauch oder die unbefugte \u00c4nderung Ihrer Daten in unserem Besitz zu verhindern. Aufgrund der damit verbundenen Risiken k\u00f6nnen wir jedoch keine absolute Sicherheit garantieren und k\u00f6nnen daher die Sicherheit der von Ihnen an uns \u00fcbermittelten Daten nicht gew\u00e4hrleisten. Sie \u00fcbermitteln Ihre Daten auf eigenes Risiko.<\/span><\/p>\n<\/li>\n<li>\n<p class=\"privacy-policy-h2\"><span style=\"font-size: 16px;\"><b>BESCHWERDE-\/DATENSCHUTZBEAUFTRAGTER:<\/b><\/span><\/p>\n<p class=\"privacy-policy-p\"><span style=\"font-size: 16px;\">Wenn Sie Fragen oder Bedenken hinsichtlich der Verarbeitung Ihrer bei uns verf\u00fcgbaren Daten haben, k\u00f6nnen Sie sich per E-Mail an unseren Beschwerdebeauftragten bei der Dead Sea Company, Dead Sea Rd., E-Mail: info@dssh.jo, wenden. Wir werden Ihre Bedenken gem\u00e4\u00df geltendem Recht bearbeiten.<\/span><\/p>\n<\/li>\n<\/ol>\t\t\t\t\t\t\t\t<\/div>\n\t\t\t\t<\/div>\n\t\t\t\t\t<\/div>\n\t\t\t\t<\/div>\n\t\t\t\t<\/div>","protected":false},"excerpt":{"rendered":"<p>PRIVACY POLICY Dead Sea Spa Resort at your service Last Updated On 31-Jan-2024Effective Date 01-Feb-2024 This Privacy Policy describes the policies of Dead Sea Hotels Company, Dead Sea Rd., Amman 11181, Jordan, email: info@dssh.jo, phone: +962 5 3561000 on the collection, use and disclosure of your information that we collect when you use our website [&hellip;]<\/p>","protected":false},"author":1,"featured_media":23734,"parent":0,"menu_order":0,"comment_status":"closed","ping_status":"closed","template":"template-fullwidth.php","meta":{"om_disable_all_campaigns":false,"_monsterinsights_skip_tracking":false,"_monsterinsights_sitenote_active":false,"_monsterinsights_sitenote_note":"","_monsterinsights_sitenote_category":0,"footnotes":""},"class_list":["post-23853","page","type-page","status-publish","has-post-thumbnail","hentry"],"aioseo_notices":[],"aioseo_head":"\n\t\t<!-- All in One SEO Pro 4.9.5.1 - aioseo.com -->\n\t<meta name=\"description\" content=\"Last Updated On 31-Jan-2024Effective Date 01-Feb-2024 This Privacy Policy describes the policies of Dead Sea Hotels Company, Dead Sea Rd., Amman 11181, Jordan, email: info@dssh.jo, phone: +962 5 3561000 on the collection, use and disclosure of your information that we collect when you use our website (https:\/\/dssh.jo). (the \u201cService\u201d). By accessing or using the Service,\" \/>\n\t<meta name=\"robots\" content=\"max-image-preview:large\" \/>\n\t<meta name=\"google-site-verification\" content=\"jJw7jeN0otCEvJ1QPwpcs7bA9zx3yK8vuJrOJFhAjzA\" \/>\n\t<meta name=\"msvalidate.01\" content=\"EF211A3C5305FFBB3BEFE3334716E9B8\" \/>\n\t<meta name=\"yandex-verification\" content=\"419a7d1d3f56f37d\" \/>\n\t<link rel=\"canonical\" href=\"https:\/\/dssh.jo\/de\/privacy-policy\/\" \/>\n\t<meta name=\"generator\" content=\"All in One SEO Pro (AIOSEO) 4.9.5.1\" \/>\n\t\t<meta property=\"og:locale\" content=\"de_DE\" \/>\n\t\t<meta property=\"og:site_name\" content=\"Dead Sea Spa Resort | 5 Star Hotel at Dead Sea Jordan\" \/>\n\t\t<meta property=\"og:type\" content=\"article\" \/>\n\t\t<meta property=\"og:title\" content=\"Hotel Privacy Policy | Dead Sea Spa Resort\" \/>\n\t\t<meta property=\"og:description\" content=\"Last Updated On 31-Jan-2024Effective Date 01-Feb-2024 This Privacy Policy describes the policies of Dead Sea Hotels Company, Dead Sea Rd., Amman 11181, Jordan, email: info@dssh.jo, phone: +962 5 3561000 on the collection, use and disclosure of your information that we collect when you use our website (https:\/\/dssh.jo). (the \u201cService\u201d). By accessing or using the Service,\" \/>\n\t\t<meta property=\"og:url\" content=\"https:\/\/dssh.jo\/de\/privacy-policy\/\" \/>\n\t\t<meta property=\"og:image\" content=\"https:\/\/dssh.jo\/wp-content\/uploads\/2024\/07\/IMG_2469-scaled.jpg\" \/>\n\t\t<meta property=\"og:image:secure_url\" content=\"https:\/\/dssh.jo\/wp-content\/uploads\/2024\/07\/IMG_2469-scaled.jpg\" \/>\n\t\t<meta property=\"article:published_time\" content=\"2024-01-31T21:04:16+00:00\" \/>\n\t\t<meta property=\"article:modified_time\" content=\"2024-03-06T22:41:34+00:00\" \/>\n\t\t<meta property=\"article:publisher\" content=\"https:\/\/web.facebook.com\/DeadSeaSpaResort\" \/>\n\t\t<meta name=\"twitter:card\" content=\"summary_large_image\" \/>\n\t\t<meta name=\"twitter:site\" content=\"@deadseasparesort\" \/>\n\t\t<meta name=\"twitter:title\" content=\"Hotel Privacy Policy | Dead Sea Spa Resort\" \/>\n\t\t<meta name=\"twitter:description\" content=\"Last Updated On 31-Jan-2024Effective Date 01-Feb-2024 This Privacy Policy describes the policies of Dead Sea Hotels Company, Dead Sea Rd., Amman 11181, Jordan, email: info@dssh.jo, phone: +962 5 3561000 on the collection, use and disclosure of your information that we collect when you use our website (https:\/\/dssh.jo). (the \u201cService\u201d). By accessing or using the Service,\" \/>\n\t\t<meta name=\"twitter:creator\" content=\"@deadseasparesort\" \/>\n\t\t<meta name=\"twitter:image\" content=\"https:\/\/dssh.jo\/wp-content\/uploads\/2024\/07\/IMG_2469-scaled.jpg\" \/>\n\t\t<meta name=\"twitter:label1\" content=\"Written by\" \/>\n\t\t<meta name=\"twitter:data1\" content=\"admin\" \/>\n\t\t<meta name=\"twitter:label2\" content=\"Est. reading time\" \/>\n\t\t<meta name=\"twitter:data2\" content=\"4 minutes\" \/>\n\t\t<script type=\"application\/ld+json\" class=\"aioseo-schema\">\n\t\t\t{\"@context\":\"https:\\\/\\\/schema.org\",\"@graph\":[{\"@type\":\"BreadcrumbList\",\"@id\":\"https:\\\/\\\/dssh.jo\\\/de\\\/privacy-policy\\\/#breadcrumblist\",\"itemListElement\":[{\"@type\":\"ListItem\",\"@id\":\"https:\\\/\\\/dssh.jo\\\/de#listItem\",\"position\":1,\"name\":\"Home\",\"item\":\"https:\\\/\\\/dssh.jo\\\/de\",\"nextItem\":{\"@type\":\"ListItem\",\"@id\":\"https:\\\/\\\/dssh.jo\\\/de\\\/privacy-policy\\\/#listItem\",\"name\":\"Hotel Privacy Policy\"}},{\"@type\":\"ListItem\",\"@id\":\"https:\\\/\\\/dssh.jo\\\/de\\\/privacy-policy\\\/#listItem\",\"position\":2,\"name\":\"Hotel Privacy Policy\",\"previousItem\":{\"@type\":\"ListItem\",\"@id\":\"https:\\\/\\\/dssh.jo\\\/de#listItem\",\"name\":\"Home\"}}]},{\"@type\":\"Organization\",\"@id\":\"https:\\\/\\\/dssh.jo\\\/de\\\/#organization\",\"name\":\"Dead Sea Spa Resort\",\"description\":\"The 5 Star Dead Sea Spa Resort invites you to a luxurious, rejuvenating and majestic experience on the shores of the Dead Sea. With 270 rooms and suites, 5 outdoor swimming pools and 1 indoor swimming\",\"url\":\"https:\\\/\\\/dssh.jo\\\/de\\\/\",\"email\":\"info@dssh.jo\",\"telephone\":\"+962797315749\",\"foundingDate\":\"1990-08-21\",\"numberOfEmployees\":{\"@type\":\"QuantitativeValue\",\"minValue\":80,\"maxValue\":300},\"logo\":{\"@type\":\"ImageObject\",\"url\":\"https:\\\/\\\/dssh.jo\\\/wp-content\\\/uploads\\\/2022\\\/04\\\/cropped-logo-bolder-1-1.png\",\"@id\":\"https:\\\/\\\/dssh.jo\\\/de\\\/privacy-policy\\\/#organizationLogo\",\"width\":112,\"height\":112},\"image\":{\"@id\":\"https:\\\/\\\/dssh.jo\\\/de\\\/privacy-policy\\\/#organizationLogo\"},\"sameAs\":[\"https:\\\/\\\/web.facebook.com\\\/DeadSeaSpaResort\",\"https:\\\/\\\/twitter.com\\\/deadseasparesort\",\"https:\\\/\\\/instagram.com\\\/deadseasparesort\"]},{\"@type\":\"WebPage\",\"@id\":\"https:\\\/\\\/dssh.jo\\\/de\\\/privacy-policy\\\/#webpage\",\"url\":\"https:\\\/\\\/dssh.jo\\\/de\\\/privacy-policy\\\/\",\"name\":\"Hotel Privacy Policy | Dead Sea Spa Resort\",\"description\":\"Last Updated On 31-Jan-2024Effective Date 01-Feb-2024 This Privacy Policy describes the policies of Dead Sea Hotels Company, Dead Sea Rd., Amman 11181, Jordan, email: info@dssh.jo, phone: +962 5 3561000 on the collection, use and disclosure of your information that we collect when you use our website (https:\\\/\\\/dssh.jo). (the \\u201cService\\u201d). By accessing or using the Service,\",\"inLanguage\":\"de-DE\",\"isPartOf\":{\"@id\":\"https:\\\/\\\/dssh.jo\\\/de\\\/#website\"},\"breadcrumb\":{\"@id\":\"https:\\\/\\\/dssh.jo\\\/de\\\/privacy-policy\\\/#breadcrumblist\"},\"image\":{\"@type\":\"ImageObject\",\"url\":\"https:\\\/\\\/dssh.jo\\\/wp-content\\\/uploads\\\/2024\\\/01\\\/IMG_1083.jpg\",\"@id\":\"https:\\\/\\\/dssh.jo\\\/de\\\/privacy-policy\\\/#mainImage\",\"width\":2400,\"height\":1600,\"caption\":\"Pub Bar at Dead Sea\"},\"primaryImageOfPage\":{\"@id\":\"https:\\\/\\\/dssh.jo\\\/de\\\/privacy-policy\\\/#mainImage\"},\"datePublished\":\"2024-01-31T21:04:16+00:00\",\"dateModified\":\"2024-03-06T22:41:34+00:00\"},{\"@type\":\"WebSite\",\"@id\":\"https:\\\/\\\/dssh.jo\\\/de\\\/#website\",\"url\":\"https:\\\/\\\/dssh.jo\\\/de\\\/\",\"name\":\"Dead Sea Spa Resort\",\"alternateName\":\"5 Star Hotel at Dead Sea Jordan\",\"description\":\"5 Star Hotel at Dead Sea Jordan\",\"inLanguage\":\"de-DE\",\"publisher\":{\"@id\":\"https:\\\/\\\/dssh.jo\\\/de\\\/#organization\"}}]}\n\t\t<\/script>\n\t\t<script type=\"text\/javascript\">\n\t\t\t(function(c,l,a,r,i,t,y){\n\t\t\tc[a]=c[a]||function(){(c[a].q=c[a].q||[]).push(arguments)};t=l.createElement(r);t.async=1;\n\t\t\tt.src=\"https:\/\/www.clarity.ms\/tag\/\"+i+\"?ref=aioseo\";y=l.getElementsByTagName(r)[0];y.parentNode.insertBefore(t,y);\n\t\t})(window, document, \"clarity\", \"script\", \"nqgz92bj3z\");\n\t\t<\/script>\n\t\t<!-- All in One SEO Pro -->\r\n\t\t<title>Hotel Privacy Policy | Dead Sea Spa Resort<\/title>\n\n","aioseo_head_json":{"title":"Hotel Privacy Policy | Dead Sea Spa Resort","description":"Last Updated On 31-Jan-2024Effective Date 01-Feb-2024 This Privacy Policy describes the policies of Dead Sea Hotels Company, Dead Sea Rd., Amman 11181, Jordan, email: info@dssh.jo, phone: +962 5 3561000 on the collection, use and disclosure of your information that we collect when you use our website (https:\/\/dssh.jo). (the \u201cService\u201d). By accessing or using the Service,","canonical_url":"https:\/\/dssh.jo\/de\/privacy-policy\/","robots":"max-image-preview:large","keywords":"","webmasterTools":{"google-site-verification":"jJw7jeN0otCEvJ1QPwpcs7bA9zx3yK8vuJrOJFhAjzA","msvalidate.01":"EF211A3C5305FFBB3BEFE3334716E9B8","yandex-verification":"419a7d1d3f56f37d","miscellaneous":""},"schema":{"@context":"https:\/\/schema.org","@graph":[{"@type":"BreadcrumbList","@id":"https:\/\/dssh.jo\/de\/privacy-policy\/#breadcrumblist","itemListElement":[{"@type":"ListItem","@id":"https:\/\/dssh.jo\/de#listItem","position":1,"name":"Home","item":"https:\/\/dssh.jo\/de","nextItem":{"@type":"ListItem","@id":"https:\/\/dssh.jo\/de\/privacy-policy\/#listItem","name":"Hotel Privacy Policy"}},{"@type":"ListItem","@id":"https:\/\/dssh.jo\/de\/privacy-policy\/#listItem","position":2,"name":"Hotel Privacy Policy","previousItem":{"@type":"ListItem","@id":"https:\/\/dssh.jo\/de#listItem","name":"Home"}}]},{"@type":"Organization","@id":"https:\/\/dssh.jo\/de\/#organization","name":"Dead Sea Spa Resort","description":"The 5 Star Dead Sea Spa Resort invites you to a luxurious, rejuvenating and majestic experience on the shores of the Dead Sea. With 270 rooms and suites, 5 outdoor swimming pools and 1 indoor swimming","url":"https:\/\/dssh.jo\/de\/","email":"info@dssh.jo","telephone":"+962797315749","foundingDate":"1990-08-21","numberOfEmployees":{"@type":"QuantitativeValue","minValue":80,"maxValue":300},"logo":{"@type":"ImageObject","url":"https:\/\/dssh.jo\/wp-content\/uploads\/2022\/04\/cropped-logo-bolder-1-1.png","@id":"https:\/\/dssh.jo\/de\/privacy-policy\/#organizationLogo","width":112,"height":112},"image":{"@id":"https:\/\/dssh.jo\/de\/privacy-policy\/#organizationLogo"},"sameAs":["https:\/\/web.facebook.com\/DeadSeaSpaResort","https:\/\/twitter.com\/deadseasparesort","https:\/\/instagram.com\/deadseasparesort"]},{"@type":"WebPage","@id":"https:\/\/dssh.jo\/de\/privacy-policy\/#webpage","url":"https:\/\/dssh.jo\/de\/privacy-policy\/","name":"Hotel Privacy Policy | Dead Sea Spa Resort","description":"Last Updated On 31-Jan-2024Effective Date 01-Feb-2024 This Privacy Policy describes the policies of Dead Sea Hotels Company, Dead Sea Rd., Amman 11181, Jordan, email: info@dssh.jo, phone: +962 5 3561000 on the collection, use and disclosure of your information that we collect when you use our website (https:\/\/dssh.jo). (the \u201cService\u201d). By accessing or using the Service,","inLanguage":"de-DE","isPartOf":{"@id":"https:\/\/dssh.jo\/de\/#website"},"breadcrumb":{"@id":"https:\/\/dssh.jo\/de\/privacy-policy\/#breadcrumblist"},"image":{"@type":"ImageObject","url":"https:\/\/dssh.jo\/wp-content\/uploads\/2024\/01\/IMG_1083.jpg","@id":"https:\/\/dssh.jo\/de\/privacy-policy\/#mainImage","width":2400,"height":1600,"caption":"Pub Bar at Dead Sea"},"primaryImageOfPage":{"@id":"https:\/\/dssh.jo\/de\/privacy-policy\/#mainImage"},"datePublished":"2024-01-31T21:04:16+00:00","dateModified":"2024-03-06T22:41:34+00:00"},{"@type":"WebSite","@id":"https:\/\/dssh.jo\/de\/#website","url":"https:\/\/dssh.jo\/de\/","name":"Dead Sea Spa Resort","alternateName":"5 Star Hotel at Dead Sea Jordan","description":"5 Star Hotel at Dead Sea Jordan","inLanguage":"de-DE","publisher":{"@id":"https:\/\/dssh.jo\/de\/#organization"}}]},"og:locale":"de_DE","og:site_name":"Dead Sea Spa Resort | 5 Star Hotel at Dead Sea Jordan","og:type":"article","og:title":"Hotel Privacy Policy | Dead Sea Spa Resort","og:description":"Last Updated On 31-Jan-2024Effective Date 01-Feb-2024 This Privacy Policy describes the policies of Dead Sea Hotels Company, Dead Sea Rd., Amman 11181, Jordan, email: info@dssh.jo, phone: +962 5 3561000 on the collection, use and disclosure of your information that we collect when you use our website (https:\/\/dssh.jo). (the \u201cService\u201d). By accessing or using the Service,","og:url":"https:\/\/dssh.jo\/de\/privacy-policy\/","og:image":"https:\/\/dssh.jo\/wp-content\/uploads\/2024\/07\/IMG_2469-scaled.jpg","og:image:secure_url":"https:\/\/dssh.jo\/wp-content\/uploads\/2024\/07\/IMG_2469-scaled.jpg","article:published_time":"2024-01-31T21:04:16+00:00","article:modified_time":"2024-03-06T22:41:34+00:00","article:publisher":"https:\/\/web.facebook.com\/DeadSeaSpaResort","twitter:card":"summary_large_image","twitter:site":"@deadseasparesort","twitter:title":"Hotel Privacy Policy | Dead Sea Spa Resort","twitter:description":"Last Updated On 31-Jan-2024Effective Date 01-Feb-2024 This Privacy Policy describes the policies of Dead Sea Hotels Company, Dead Sea Rd., Amman 11181, Jordan, email: info@dssh.jo, phone: +962 5 3561000 on the collection, use and disclosure of your information that we collect when you use our website (https:\/\/dssh.jo). (the \u201cService\u201d). By accessing or using the Service,","twitter:creator":"@deadseasparesort","twitter:image":"https:\/\/dssh.jo\/wp-content\/uploads\/2024\/07\/IMG_2469-scaled.jpg","twitter:label1":"Written by","twitter:data1":"admin","twitter:label2":"Est. reading time","twitter:data2":"4 minutes"},"aioseo_meta_data":{"post_id":"23853","title":null,"description":null,"keywords":null,"keyphrases":null,"primary_term":null,"canonical_url":null,"og_title":null,"og_description":null,"og_object_type":"default","og_image_type":"default","og_image_url":null,"og_image_width":null,"og_image_height":null,"og_image_custom_url":null,"og_image_custom_fields":null,"og_video":null,"og_custom_url":null,"og_article_section":null,"og_article_tags":null,"twitter_use_og":false,"twitter_card":"default","twitter_image_type":"default","twitter_image_url":null,"twitter_image_custom_url":null,"twitter_image_custom_fields":null,"twitter_title":null,"twitter_description":null,"schema":{"blockGraphs":[],"customGraphs":[],"default":{"data":{"Article":[],"Course":[],"Dataset":[],"FAQPage":[],"Movie":[],"Person":[],"Product":[],"ProductReview":[],"Car":[],"Recipe":[],"Service":[],"SoftwareApplication":[],"WebPage":[]},"graphName":"","isEnabled":true},"graphs":[]},"schema_type":"default","schema_type_options":null,"pillar_content":false,"robots_default":true,"robots_noindex":false,"robots_noarchive":false,"robots_nosnippet":false,"robots_nofollow":false,"robots_noimageindex":false,"robots_noodp":false,"robots_notranslate":false,"robots_max_snippet":null,"robots_max_videopreview":null,"robots_max_imagepreview":"large","priority":null,"frequency":null,"local_seo":null,"seo_analyzer_scan_date":"2025-09-25 08:24:59","breadcrumb_settings":null,"limit_modified_date":false,"reviewed_by":null,"open_ai":null,"ai":null,"created":"2024-08-20 22:05:04","updated":"2025-12-25 13:06:20"},"aioseo_breadcrumb":"<div class=\"aioseo-breadcrumbs\"><span class=\"aioseo-breadcrumb\">\n\t<a href=\"https:\/\/dssh.jo\/de\" title=\"Home\">Home<\/a>\n<\/span><span class=\"aioseo-breadcrumb-separator\">|<\/span><span class=\"aioseo-breadcrumb\">\n\tHotel Privacy Policy\n<\/span><\/div>","aioseo_breadcrumb_json":[{"label":"Home","link":"https:\/\/dssh.jo\/de"},{"label":"Hotel Privacy Policy","link":"https:\/\/dssh.jo\/de\/privacy-policy\/"}],"_links":{"self":[{"href":"https:\/\/dssh.jo\/de\/wp-json\/wp\/v2\/pages\/23853","targetHints":{"allow":["GET"]}}],"collection":[{"href":"https:\/\/dssh.jo\/de\/wp-json\/wp\/v2\/pages"}],"about":[{"href":"https:\/\/dssh.jo\/de\/wp-json\/wp\/v2\/types\/page"}],"author":[{"embeddable":true,"href":"https:\/\/dssh.jo\/de\/wp-json\/wp\/v2\/users\/1"}],"replies":[{"embeddable":true,"href":"https:\/\/dssh.jo\/de\/wp-json\/wp\/v2\/comments?post=23853"}],"version-history":[{"count":69,"href":"https:\/\/dssh.jo\/de\/wp-json\/wp\/v2\/pages\/23853\/revisions"}],"predecessor-version":[{"id":25235,"href":"https:\/\/dssh.jo\/de\/wp-json\/wp\/v2\/pages\/23853\/revisions\/25235"}],"wp:featuredmedia":[{"embeddable":true,"href":"https:\/\/dssh.jo\/de\/wp-json\/wp\/v2\/media\/23734"}],"wp:attachment":[{"href":"https:\/\/dssh.jo\/de\/wp-json\/wp\/v2\/media?parent=23853"}],"curies":[{"name":"wp","href":"https:\/\/api.w.org\/{rel}","templated":true}]}}