{"id":26823,"date":"2025-01-07T23:48:51","date_gmt":"2025-01-07T23:48:51","guid":{"rendered":"https:\/\/dssh.jo\/?page_id=26823"},"modified":"2025-01-08T00:35:37","modified_gmt":"2025-01-08T00:35:37","slug":"special-offer-promotion","status":"publish","type":"page","link":"https:\/\/dssh.jo\/de\/special-offer-promotion\/","title":{"rendered":"Sonderangebot &amp; Aktion"},"content":{"rendered":"<div data-elementor-type=\"wp-page\" data-elementor-id=\"26823\" class=\"elementor elementor-26823\">\n\t\t\t\t<div class=\"elementor-element elementor-element-6fdd0039 e-con-full e-flex e-con e-parent\" data-id=\"6fdd0039\" data-element_type=\"container\" data-e-type=\"container\" data-settings=\"{&quot;background_background&quot;:&quot;classic&quot;}\">\n\t\t\t\t<div class=\"elementor-element elementor-element-5a8486a8 elementor-widget elementor-widget-heading\" data-id=\"5a8486a8\" data-element_type=\"widget\" data-e-type=\"widget\" data-widget_type=\"heading.default\">\n\t\t\t\t<div class=\"elementor-widget-container\">\n\t\t\t\t\t<h2 class=\"elementor-heading-title elementor-size-default\">SONDERANGEBOTE &amp; Aktionen<\/h2>\t\t\t\t<\/div>\n\t\t\t\t<\/div>\n\t\t\t\t<div class=\"elementor-element elementor-element-4481ed1f elementor-widget__width-initial elementor-widget elementor-widget-text-editor\" data-id=\"4481ed1f\" data-element_type=\"widget\" data-e-type=\"widget\" data-widget_type=\"text-editor.default\">\n\t\t\t\t<div class=\"elementor-widget-container\">\n\t\t\t\t\t\t\t\t\t<p style=\"text-align: center;\">Sichern Sie sich unschlagbare Angebote! Genie\u00dfen Sie exklusive Rabatte auf Hotelzimmer und Premium-Leistungen, die Ihren Aufenthalt versch\u00f6nern. Von luxuri\u00f6sen Zimmern bis hin zu erholsamen Spa-Behandlungen \u2013 unsere Sonderangebote garantieren Ihnen Komfort und Entspannung zu einem attraktiven Preis. Buchen Sie jetzt und verwirklichen Sie Ihren Traumurlaub!<\/p>\t\t\t\t\t\t\t\t<\/div>\n\t\t\t\t<\/div>\n\t\t<div class=\"elementor-element elementor-element-52e1ccb0 e-flex e-con-boxed e-con e-child\" data-id=\"52e1ccb0\" data-element_type=\"container\" data-e-type=\"container\">\n\t\t\t\t\t<div class=\"e-con-inner\">\n\t\t<div class=\"elementor-element elementor-element-2775c68f e-flex e-con-boxed e-con e-child\" data-id=\"2775c68f\" data-element_type=\"container\" data-e-type=\"container\" data-settings=\"{&quot;background_background&quot;:&quot;classic&quot;}\">\n\t\t\t\t\t<div class=\"e-con-inner\">\n\t\t\t\t<div class=\"elementor-element elementor-element-23383d85 elementor-widget elementor-widget-image\" data-id=\"23383d85\" data-element_type=\"widget\" data-e-type=\"widget\" data-widget_type=\"image.default\">\n\t\t\t\t<div class=\"elementor-widget-container\">\n\t\t\t\t\t\t\t\t\t\t\t\t\t\t\t\t<a href=\"https:\/\/dssh.jo\/de\/packages\/?view=packagedetails&#038;pkgid=2\">\n\t\t\t\t\t\t\t<img fetchpriority=\"high\" decoding=\"async\" width=\"1080\" height=\"1080\" src=\"https:\/\/dssh.jo\/wp-content\/uploads\/2025\/01\/Brown-Modern-Hotel-Winter-Offer-Instagram-Post.jpg\" class=\"attachment-full size-full wp-image-26796\" alt=\"\" srcset=\"https:\/\/dssh.jo\/wp-content\/uploads\/2025\/01\/Brown-Modern-Hotel-Winter-Offer-Instagram-Post.jpg 1080w, https:\/\/dssh.jo\/wp-content\/uploads\/2025\/01\/Brown-Modern-Hotel-Winter-Offer-Instagram-Post-300x300.jpg 300w, https:\/\/dssh.jo\/wp-content\/uploads\/2025\/01\/Brown-Modern-Hotel-Winter-Offer-Instagram-Post-1024x1024.jpg 1024w, https:\/\/dssh.jo\/wp-content\/uploads\/2025\/01\/Brown-Modern-Hotel-Winter-Offer-Instagram-Post-150x150.jpg 150w, https:\/\/dssh.jo\/wp-content\/uploads\/2025\/01\/Brown-Modern-Hotel-Winter-Offer-Instagram-Post-768x768.jpg 768w, https:\/\/dssh.jo\/wp-content\/uploads\/2025\/01\/Brown-Modern-Hotel-Winter-Offer-Instagram-Post-1536x1536.jpg 1536w, https:\/\/dssh.jo\/wp-content\/uploads\/2025\/01\/Brown-Modern-Hotel-Winter-Offer-Instagram-Post-2048x2048.jpg 2048w, https:\/\/dssh.jo\/wp-content\/uploads\/2025\/01\/Brown-Modern-Hotel-Winter-Offer-Instagram-Post-600x600.jpg 600w, https:\/\/dssh.jo\/wp-content\/uploads\/2025\/01\/Brown-Modern-Hotel-Winter-Offer-Instagram-Post-100x100.jpg 100w\" sizes=\"(max-width: 1080px) 100vw, 1080px\" title=\"Instagram-Post zum Winterangebot des Brown Modern Hotels | Dead Sea Spa Resort\" \/>\t\t\t\t\t\t\t\t<\/a>\n\t\t\t\t\t\t\t\t\t\t\t\t\t\t\t<\/div>\n\t\t\t\t<\/div>\n\t\t\t\t\t<\/div>\n\t\t\t\t<\/div>\n\t\t<div class=\"elementor-element elementor-element-31af1dcd e-flex e-con-boxed e-con e-child\" data-id=\"31af1dcd\" data-element_type=\"container\" data-e-type=\"container\" data-settings=\"{&quot;background_background&quot;:&quot;classic&quot;}\">\n\t\t\t\t\t<div class=\"e-con-inner\">\n\t\t\t\t<div class=\"elementor-element elementor-element-5972b203 elementor-widget elementor-widget-image\" data-id=\"5972b203\" data-element_type=\"widget\" data-e-type=\"widget\" data-widget_type=\"image.default\">\n\t\t\t\t<div class=\"elementor-widget-container\">\n\t\t\t\t\t\t\t\t\t\t\t\t\t\t\t\t<a href=\"https:\/\/dssh.jo\/de\/spa-winter-promotion\/\">\n\t\t\t\t\t\t\t<img decoding=\"async\" width=\"1080\" height=\"1080\" src=\"https:\/\/dssh.jo\/wp-content\/uploads\/2025\/01\/Brown-and-Cream-Modern-Facial-Treatment-Instagram-Post-1.jpg\" class=\"attachment-full size-full wp-image-26829\" alt=\"\" srcset=\"https:\/\/dssh.jo\/wp-content\/uploads\/2025\/01\/Brown-and-Cream-Modern-Facial-Treatment-Instagram-Post-1.jpg 1080w, https:\/\/dssh.jo\/wp-content\/uploads\/2025\/01\/Brown-and-Cream-Modern-Facial-Treatment-Instagram-Post-1-300x300.jpg 300w, https:\/\/dssh.jo\/wp-content\/uploads\/2025\/01\/Brown-and-Cream-Modern-Facial-Treatment-Instagram-Post-1-1024x1024.jpg 1024w, https:\/\/dssh.jo\/wp-content\/uploads\/2025\/01\/Brown-and-Cream-Modern-Facial-Treatment-Instagram-Post-1-150x150.jpg 150w, https:\/\/dssh.jo\/wp-content\/uploads\/2025\/01\/Brown-and-Cream-Modern-Facial-Treatment-Instagram-Post-1-768x768.jpg 768w, https:\/\/dssh.jo\/wp-content\/uploads\/2025\/01\/Brown-and-Cream-Modern-Facial-Treatment-Instagram-Post-1-1536x1536.jpg 1536w, https:\/\/dssh.jo\/wp-content\/uploads\/2025\/01\/Brown-and-Cream-Modern-Facial-Treatment-Instagram-Post-1-2048x2048.jpg 2048w, https:\/\/dssh.jo\/wp-content\/uploads\/2025\/01\/Brown-and-Cream-Modern-Facial-Treatment-Instagram-Post-1-600x600.jpg 600w, https:\/\/dssh.jo\/wp-content\/uploads\/2025\/01\/Brown-and-Cream-Modern-Facial-Treatment-Instagram-Post-1-100x100.jpg 100w\" sizes=\"(max-width: 1080px) 100vw, 1080px\" title=\"Moderne Gesichtsbehandlung in Braun und Creme, Instagram-Post 1 | Dead Sea Spa Resort\" \/>\t\t\t\t\t\t\t\t<\/a>\n\t\t\t\t\t\t\t\t\t\t\t\t\t\t\t<\/div>\n\t\t\t\t<\/div>\n\t\t\t\t\t<\/div>\n\t\t\t\t<\/div>\n\t\t\t\t\t<\/div>\n\t\t\t\t<\/div>\n\t\t\t\t<div class=\"elementor-element elementor-element-5baccaf1 elementor-align-center elementor-widget elementor-widget-button\" data-id=\"5baccaf1\" data-element_type=\"widget\" data-e-type=\"widget\" data-widget_type=\"button.default\">\n\t\t\t\t<div class=\"elementor-widget-container\">\n\t\t\t\t\t\t\t\t\t<div class=\"elementor-button-wrapper\">\n\t\t\t\t\t<a class=\"elementor-button elementor-button-link elementor-size-sm\" href=\"https:\/\/dssh.jo\/de\/packages\/\">\n\t\t\t\t\t\t<span class=\"elementor-button-content-wrapper\">\n\t\t\t\t\t\t\t\t\t<span class=\"elementor-button-text\">alle Angebote ansehen<\/span>\n\t\t\t\t\t<\/span>\n\t\t\t\t\t<\/a>\n\t\t\t\t<\/div>\n\t\t\t\t\t\t\t\t<\/div>\n\t\t\t\t<\/div>\n\t\t\t\t<\/div>\n\t\t\t\t<\/div>","protected":false},"excerpt":{"rendered":"<p>SPECIAL OFFERS &amp; Promotions Unlock Unbeatable Offers! Enjoy exclusive discounts on hotel rooms and premium features, designed to elevate your stay. From luxurious rooms to rejuvenating spa treatments, our special promotions ensure you experience comfort and relaxation at a price you\u2019ll love. Book now and make your dream getaway a reality!\" view all offer<\/p>","protected":false},"author":1,"featured_media":25856,"parent":0,"menu_order":0,"comment_status":"closed","ping_status":"closed","template":"","meta":{"om_disable_all_campaigns":false,"_monsterinsights_skip_tracking":false,"_monsterinsights_sitenote_active":false,"_monsterinsights_sitenote_note":"","_monsterinsights_sitenote_category":0,"footnotes":""},"class_list":["post-26823","page","type-page","status-publish","has-post-thumbnail","hentry"],"aioseo_notices":[],"aioseo_head":"\n\t\t<!-- All in One SEO Pro 4.9.5.1 - aioseo.com -->\n\t<meta name=\"description\" content=\"SPECIAL OFFERS &amp; Promotions Unlock Unbeatable Offers! Enjoy exclusive discounts on hotel rooms and premium features, designed to elevate your stay. From luxurious rooms to rejuvenating spa treatments, our special promotions ensure you experience comfort and relaxation at a price you\u2019ll love. Book now and make your dream getaway a reality!&quot; view all offer\" \/>\n\t<meta name=\"robots\" content=\"max-image-preview:large\" \/>\n\t<meta name=\"google-site-verification\" content=\"jJw7jeN0otCEvJ1QPwpcs7bA9zx3yK8vuJrOJFhAjzA\" \/>\n\t<meta name=\"msvalidate.01\" content=\"EF211A3C5305FFBB3BEFE3334716E9B8\" \/>\n\t<meta name=\"yandex-verification\" content=\"419a7d1d3f56f37d\" \/>\n\t<link rel=\"canonical\" href=\"https:\/\/dssh.jo\/de\/special-offer-promotion\/\" \/>\n\t<meta name=\"generator\" content=\"All in One SEO Pro (AIOSEO) 4.9.5.1\" \/>\n\t\t<meta property=\"og:locale\" content=\"de_DE\" \/>\n\t\t<meta property=\"og:site_name\" content=\"Dead Sea Spa Resort | 5 Star Hotel at Dead Sea Jordan\" \/>\n\t\t<meta property=\"og:type\" content=\"article\" \/>\n\t\t<meta property=\"og:title\" content=\"Special Offer &amp; Promotion | Dead Sea Spa Resort\" \/>\n\t\t<meta property=\"og:description\" content=\"SPECIAL OFFERS &amp; Promotions Unlock Unbeatable Offers! Enjoy exclusive discounts on hotel rooms and premium features, designed to elevate your stay. From luxurious rooms to rejuvenating spa treatments, our special promotions ensure you experience comfort and relaxation at a price you\u2019ll love. Book now and make your dream getaway a reality!&quot; view all offer\" \/>\n\t\t<meta property=\"og:url\" content=\"https:\/\/dssh.jo\/de\/special-offer-promotion\/\" \/>\n\t\t<meta property=\"og:image\" content=\"https:\/\/dssh.jo\/wp-content\/uploads\/2024\/07\/IMG_2469-scaled.jpg\" \/>\n\t\t<meta property=\"og:image:secure_url\" content=\"https:\/\/dssh.jo\/wp-content\/uploads\/2024\/07\/IMG_2469-scaled.jpg\" \/>\n\t\t<meta property=\"article:published_time\" content=\"2025-01-07T23:48:51+00:00\" \/>\n\t\t<meta property=\"article:modified_time\" content=\"2025-01-08T00:35:37+00:00\" \/>\n\t\t<meta property=\"article:publisher\" content=\"https:\/\/web.facebook.com\/DeadSeaSpaResort\" \/>\n\t\t<meta name=\"twitter:card\" content=\"summary_large_image\" \/>\n\t\t<meta name=\"twitter:site\" content=\"@deadseasparesort\" \/>\n\t\t<meta name=\"twitter:title\" content=\"Special Offer &amp; Promotion | Dead Sea Spa Resort\" \/>\n\t\t<meta name=\"twitter:description\" content=\"SPECIAL OFFERS &amp; Promotions Unlock Unbeatable Offers! Enjoy exclusive discounts on hotel rooms and premium features, designed to elevate your stay. From luxurious rooms to rejuvenating spa treatments, our special promotions ensure you experience comfort and relaxation at a price you\u2019ll love. Book now and make your dream getaway a reality!&quot; view all offer\" \/>\n\t\t<meta name=\"twitter:creator\" content=\"@deadseasparesort\" \/>\n\t\t<meta name=\"twitter:image\" content=\"https:\/\/dssh.jo\/wp-content\/uploads\/2024\/07\/IMG_2469-scaled.jpg\" \/>\n\t\t<meta name=\"twitter:label1\" content=\"Written by\" \/>\n\t\t<meta name=\"twitter:data1\" content=\"admin\" \/>\n\t\t<script type=\"application\/ld+json\" class=\"aioseo-schema\">\n\t\t\t{\"@context\":\"https:\\\/\\\/schema.org\",\"@graph\":[{\"@type\":\"BreadcrumbList\",\"@id\":\"https:\\\/\\\/dssh.jo\\\/de\\\/special-offer-promotion\\\/#breadcrumblist\",\"itemListElement\":[{\"@type\":\"ListItem\",\"@id\":\"https:\\\/\\\/dssh.jo\\\/de#listItem\",\"position\":1,\"name\":\"Home\",\"item\":\"https:\\\/\\\/dssh.jo\\\/de\",\"nextItem\":{\"@type\":\"ListItem\",\"@id\":\"https:\\\/\\\/dssh.jo\\\/de\\\/special-offer-promotion\\\/#listItem\",\"name\":\"Special Offer &#038; Promotion\"}},{\"@type\":\"ListItem\",\"@id\":\"https:\\\/\\\/dssh.jo\\\/de\\\/special-offer-promotion\\\/#listItem\",\"position\":2,\"name\":\"Special Offer &#038; Promotion\",\"previousItem\":{\"@type\":\"ListItem\",\"@id\":\"https:\\\/\\\/dssh.jo\\\/de#listItem\",\"name\":\"Home\"}}]},{\"@type\":\"Organization\",\"@id\":\"https:\\\/\\\/dssh.jo\\\/de\\\/#organization\",\"name\":\"Dead Sea Spa Resort\",\"description\":\"The 5 Star Dead Sea Spa Resort invites you to a luxurious, rejuvenating and majestic experience on the shores of the Dead Sea. With 270 rooms and suites, 5 outdoor swimming pools and 1 indoor swimming\",\"url\":\"https:\\\/\\\/dssh.jo\\\/de\\\/\",\"email\":\"info@dssh.jo\",\"telephone\":\"+962797315749\",\"foundingDate\":\"1990-08-21\",\"numberOfEmployees\":{\"@type\":\"QuantitativeValue\",\"minValue\":80,\"maxValue\":300},\"logo\":{\"@type\":\"ImageObject\",\"url\":\"https:\\\/\\\/dssh.jo\\\/wp-content\\\/uploads\\\/2022\\\/04\\\/cropped-logo-bolder-1-1.png\",\"@id\":\"https:\\\/\\\/dssh.jo\\\/de\\\/special-offer-promotion\\\/#organizationLogo\",\"width\":112,\"height\":112},\"image\":{\"@id\":\"https:\\\/\\\/dssh.jo\\\/de\\\/special-offer-promotion\\\/#organizationLogo\"},\"sameAs\":[\"https:\\\/\\\/web.facebook.com\\\/DeadSeaSpaResort\",\"https:\\\/\\\/twitter.com\\\/deadseasparesort\",\"https:\\\/\\\/instagram.com\\\/deadseasparesort\"]},{\"@type\":\"WebPage\",\"@id\":\"https:\\\/\\\/dssh.jo\\\/de\\\/special-offer-promotion\\\/#webpage\",\"url\":\"https:\\\/\\\/dssh.jo\\\/de\\\/special-offer-promotion\\\/\",\"name\":\"Special Offer & Promotion | Dead Sea Spa Resort\",\"description\":\"SPECIAL OFFERS & Promotions Unlock Unbeatable Offers! Enjoy exclusive discounts on hotel rooms and premium features, designed to elevate your stay. From luxurious rooms to rejuvenating spa treatments, our special promotions ensure you experience comfort and relaxation at a price you\\u2019ll love. Book now and make your dream getaway a reality!\\\" view all offer\",\"inLanguage\":\"de-DE\",\"isPartOf\":{\"@id\":\"https:\\\/\\\/dssh.jo\\\/de\\\/#website\"},\"breadcrumb\":{\"@id\":\"https:\\\/\\\/dssh.jo\\\/de\\\/special-offer-promotion\\\/#breadcrumblist\"},\"image\":{\"@type\":\"ImageObject\",\"url\":\"https:\\\/\\\/dssh.jo\\\/wp-content\\\/uploads\\\/2024\\\/08\\\/DSSR-14-1-scaled.jpg\",\"@id\":\"https:\\\/\\\/dssh.jo\\\/de\\\/special-offer-promotion\\\/#mainImage\",\"width\":2560,\"height\":2560},\"primaryImageOfPage\":{\"@id\":\"https:\\\/\\\/dssh.jo\\\/de\\\/special-offer-promotion\\\/#mainImage\"},\"datePublished\":\"2025-01-07T23:48:51+00:00\",\"dateModified\":\"2025-01-08T00:35:37+00:00\"},{\"@type\":\"WebSite\",\"@id\":\"https:\\\/\\\/dssh.jo\\\/de\\\/#website\",\"url\":\"https:\\\/\\\/dssh.jo\\\/de\\\/\",\"name\":\"Dead Sea Spa Resort\",\"alternateName\":\"5 Star Hotel at Dead Sea Jordan\",\"description\":\"5 Star Hotel at Dead Sea Jordan\",\"inLanguage\":\"de-DE\",\"publisher\":{\"@id\":\"https:\\\/\\\/dssh.jo\\\/de\\\/#organization\"}}]}\n\t\t<\/script>\n\t\t<script type=\"text\/javascript\">\n\t\t\t(function(c,l,a,r,i,t,y){\n\t\t\tc[a]=c[a]||function(){(c[a].q=c[a].q||[]).push(arguments)};t=l.createElement(r);t.async=1;\n\t\t\tt.src=\"https:\/\/www.clarity.ms\/tag\/\"+i+\"?ref=aioseo\";y=l.getElementsByTagName(r)[0];y.parentNode.insertBefore(t,y);\n\t\t})(window, document, \"clarity\", \"script\", \"nqgz92bj3z\");\n\t\t<\/script>\n\t\t<!-- All in One SEO Pro -->\r\n\t\t<title>Special Offer &amp; Promotion | Dead Sea Spa Resort<\/title>\n\n","aioseo_head_json":{"title":"Special Offer & Promotion | Dead Sea Spa Resort","description":"SPECIAL OFFERS & Promotions Unlock Unbeatable Offers! Enjoy exclusive discounts on hotel rooms and premium features, designed to elevate your stay. From luxurious rooms to rejuvenating spa treatments, our special promotions ensure you experience comfort and relaxation at a price you\u2019ll love. Book now and make your dream getaway a reality!\" view all offer","canonical_url":"https:\/\/dssh.jo\/de\/special-offer-promotion\/","robots":"max-image-preview:large","keywords":"","webmasterTools":{"google-site-verification":"jJw7jeN0otCEvJ1QPwpcs7bA9zx3yK8vuJrOJFhAjzA","msvalidate.01":"EF211A3C5305FFBB3BEFE3334716E9B8","yandex-verification":"419a7d1d3f56f37d","miscellaneous":""},"schema":{"@context":"https:\/\/schema.org","@graph":[{"@type":"BreadcrumbList","@id":"https:\/\/dssh.jo\/de\/special-offer-promotion\/#breadcrumblist","itemListElement":[{"@type":"ListItem","@id":"https:\/\/dssh.jo\/de#listItem","position":1,"name":"Home","item":"https:\/\/dssh.jo\/de","nextItem":{"@type":"ListItem","@id":"https:\/\/dssh.jo\/de\/special-offer-promotion\/#listItem","name":"Special Offer &#038; Promotion"}},{"@type":"ListItem","@id":"https:\/\/dssh.jo\/de\/special-offer-promotion\/#listItem","position":2,"name":"Special Offer &#038; Promotion","previousItem":{"@type":"ListItem","@id":"https:\/\/dssh.jo\/de#listItem","name":"Home"}}]},{"@type":"Organization","@id":"https:\/\/dssh.jo\/de\/#organization","name":"Dead Sea Spa Resort","description":"The 5 Star Dead Sea Spa Resort invites you to a luxurious, rejuvenating and majestic experience on the shores of the Dead Sea. With 270 rooms and suites, 5 outdoor swimming pools and 1 indoor swimming","url":"https:\/\/dssh.jo\/de\/","email":"info@dssh.jo","telephone":"+962797315749","foundingDate":"1990-08-21","numberOfEmployees":{"@type":"QuantitativeValue","minValue":80,"maxValue":300},"logo":{"@type":"ImageObject","url":"https:\/\/dssh.jo\/wp-content\/uploads\/2022\/04\/cropped-logo-bolder-1-1.png","@id":"https:\/\/dssh.jo\/de\/special-offer-promotion\/#organizationLogo","width":112,"height":112},"image":{"@id":"https:\/\/dssh.jo\/de\/special-offer-promotion\/#organizationLogo"},"sameAs":["https:\/\/web.facebook.com\/DeadSeaSpaResort","https:\/\/twitter.com\/deadseasparesort","https:\/\/instagram.com\/deadseasparesort"]},{"@type":"WebPage","@id":"https:\/\/dssh.jo\/de\/special-offer-promotion\/#webpage","url":"https:\/\/dssh.jo\/de\/special-offer-promotion\/","name":"Special Offer & Promotion | Dead Sea Spa Resort","description":"SPECIAL OFFERS & Promotions Unlock Unbeatable Offers! Enjoy exclusive discounts on hotel rooms and premium features, designed to elevate your stay. From luxurious rooms to rejuvenating spa treatments, our special promotions ensure you experience comfort and relaxation at a price you\u2019ll love. Book now and make your dream getaway a reality!\" view all offer","inLanguage":"de-DE","isPartOf":{"@id":"https:\/\/dssh.jo\/de\/#website"},"breadcrumb":{"@id":"https:\/\/dssh.jo\/de\/special-offer-promotion\/#breadcrumblist"},"image":{"@type":"ImageObject","url":"https:\/\/dssh.jo\/wp-content\/uploads\/2024\/08\/DSSR-14-1-scaled.jpg","@id":"https:\/\/dssh.jo\/de\/special-offer-promotion\/#mainImage","width":2560,"height":2560},"primaryImageOfPage":{"@id":"https:\/\/dssh.jo\/de\/special-offer-promotion\/#mainImage"},"datePublished":"2025-01-07T23:48:51+00:00","dateModified":"2025-01-08T00:35:37+00:00"},{"@type":"WebSite","@id":"https:\/\/dssh.jo\/de\/#website","url":"https:\/\/dssh.jo\/de\/","name":"Dead Sea Spa Resort","alternateName":"5 Star Hotel at Dead Sea Jordan","description":"5 Star Hotel at Dead Sea Jordan","inLanguage":"de-DE","publisher":{"@id":"https:\/\/dssh.jo\/de\/#organization"}}]},"og:locale":"de_DE","og:site_name":"Dead Sea Spa Resort | 5 Star Hotel at Dead Sea Jordan","og:type":"article","og:title":"Special Offer &amp; Promotion | Dead Sea Spa Resort","og:description":"SPECIAL OFFERS &amp; Promotions Unlock Unbeatable Offers! Enjoy exclusive discounts on hotel rooms and premium features, designed to elevate your stay. From luxurious rooms to rejuvenating spa treatments, our special promotions ensure you experience comfort and relaxation at a price you\u2019ll love. Book now and make your dream getaway a reality!&quot; view all offer","og:url":"https:\/\/dssh.jo\/de\/special-offer-promotion\/","og:image":"https:\/\/dssh.jo\/wp-content\/uploads\/2024\/07\/IMG_2469-scaled.jpg","og:image:secure_url":"https:\/\/dssh.jo\/wp-content\/uploads\/2024\/07\/IMG_2469-scaled.jpg","article:published_time":"2025-01-07T23:48:51+00:00","article:modified_time":"2025-01-08T00:35:37+00:00","article:publisher":"https:\/\/web.facebook.com\/DeadSeaSpaResort","twitter:card":"summary_large_image","twitter:site":"@deadseasparesort","twitter:title":"Special Offer &amp; Promotion | Dead Sea Spa Resort","twitter:description":"SPECIAL OFFERS &amp; Promotions Unlock Unbeatable Offers! Enjoy exclusive discounts on hotel rooms and premium features, designed to elevate your stay. From luxurious rooms to rejuvenating spa treatments, our special promotions ensure you experience comfort and relaxation at a price you\u2019ll love. Book now and make your dream getaway a reality!&quot; view all offer","twitter:creator":"@deadseasparesort","twitter:image":"https:\/\/dssh.jo\/wp-content\/uploads\/2024\/07\/IMG_2469-scaled.jpg","twitter:label1":"Written by","twitter:data1":"admin"},"aioseo_meta_data":{"post_id":"26823","title":null,"description":null,"keywords":null,"keyphrases":{"focus":{"keyphrase":"","score":0,"analysis":{"keyphraseInTitle":{"score":0,"maxScore":9,"error":1}}},"additional":[]},"primary_term":null,"canonical_url":null,"og_title":null,"og_description":null,"og_object_type":"default","og_image_type":"default","og_image_url":null,"og_image_width":null,"og_image_height":null,"og_image_custom_url":null,"og_image_custom_fields":null,"og_video":"","og_custom_url":null,"og_article_section":null,"og_article_tags":null,"twitter_use_og":true,"twitter_card":"default","twitter_image_type":"default","twitter_image_url":null,"twitter_image_custom_url":null,"twitter_image_custom_fields":null,"twitter_title":null,"twitter_description":null,"schema":{"blockGraphs":[],"customGraphs":[],"default":{"data":{"Article":[],"Course":[],"Dataset":[],"FAQPage":[],"Movie":[],"Person":[],"Product":[],"ProductReview":[],"Car":[],"Recipe":[],"Service":[],"SoftwareApplication":[],"WebPage":[]},"graphName":"WebPage","isEnabled":true},"graphs":[]},"schema_type":"default","schema_type_options":null,"pillar_content":false,"robots_default":true,"robots_noindex":false,"robots_noarchive":false,"robots_nosnippet":false,"robots_nofollow":false,"robots_noimageindex":false,"robots_noodp":false,"robots_notranslate":false,"robots_max_snippet":"-1","robots_max_videopreview":"-1","robots_max_imagepreview":"large","priority":null,"frequency":"default","local_seo":null,"seo_analyzer_scan_date":"2025-09-25 08:30:43","breadcrumb_settings":null,"limit_modified_date":false,"reviewed_by":null,"open_ai":"{\"title\":{\"suggestions\":[],\"usage\":0},\"description\":{\"suggestions\":[],\"usage\":0}}","ai":null,"created":"2025-01-07 23:48:26","updated":"2025-09-25 08:30:43"},"aioseo_breadcrumb":"<div class=\"aioseo-breadcrumbs\"><span class=\"aioseo-breadcrumb\">\n\t<a href=\"https:\/\/dssh.jo\/de\" title=\"Home\">Home<\/a>\n<\/span><span class=\"aioseo-breadcrumb-separator\">|<\/span><span class=\"aioseo-breadcrumb\">\n\tSpecial Offer &amp; Promotion\n<\/span><\/div>","aioseo_breadcrumb_json":[{"label":"Home","link":"https:\/\/dssh.jo\/de"},{"label":"Special Offer &#038; Promotion","link":"https:\/\/dssh.jo\/de\/special-offer-promotion\/"}],"_links":{"self":[{"href":"https:\/\/dssh.jo\/de\/wp-json\/wp\/v2\/pages\/26823","targetHints":{"allow":["GET"]}}],"collection":[{"href":"https:\/\/dssh.jo\/de\/wp-json\/wp\/v2\/pages"}],"about":[{"href":"https:\/\/dssh.jo\/de\/wp-json\/wp\/v2\/types\/page"}],"author":[{"embeddable":true,"href":"https:\/\/dssh.jo\/de\/wp-json\/wp\/v2\/users\/1"}],"replies":[{"embeddable":true,"href":"https:\/\/dssh.jo\/de\/wp-json\/wp\/v2\/comments?post=26823"}],"version-history":[{"count":31,"href":"https:\/\/dssh.jo\/de\/wp-json\/wp\/v2\/pages\/26823\/revisions"}],"predecessor-version":[{"id":26880,"href":"https:\/\/dssh.jo\/de\/wp-json\/wp\/v2\/pages\/26823\/revisions\/26880"}],"wp:featuredmedia":[{"embeddable":true,"href":"https:\/\/dssh.jo\/de\/wp-json\/wp\/v2\/media\/25856"}],"wp:attachment":[{"href":"https:\/\/dssh.jo\/de\/wp-json\/wp\/v2\/media?parent=26823"}],"curies":[{"name":"wp","href":"https:\/\/api.w.org\/{rel}","templated":true}]}}